{"id":220,"date":"2024-06-12T13:08:30","date_gmt":"2024-06-12T13:08:30","guid":{"rendered":"https:\/\/faerymusic.com\/?page_id=220"},"modified":"2024-06-15T17:16:47","modified_gmt":"2024-06-15T17:16:47","slug":"zene","status":"publish","type":"page","link":"https:\/\/faerymusic.com\/en\/zene\/","title":{"rendered":"Zene"},"content":{"rendered":"<div data-elementor-type=\"wp-page\" data-elementor-id=\"220\" class=\"elementor elementor-220\" data-elementor-post-type=\"page\">\n\t\t\t\t<div class=\"elementor-element elementor-element-29500b5 e-flex e-con-boxed e-con e-parent\" data-id=\"29500b5\" data-element_type=\"container\" data-settings=\"{&quot;background_background&quot;:&quot;gradient&quot;}\">\n\t\t\t\t\t<div class=\"e-con-inner\">\n\t\t\t\t<div class=\"elementor-element elementor-element-69a15ce elementor-widget elementor-widget-image\" data-id=\"69a15ce\" data-element_type=\"widget\" data-widget_type=\"image.default\">\n\t\t\t\t<div class=\"elementor-widget-container\">\n\t\t\t\t\t\t\t\t\t\t\t\t\t\t\t<img fetchpriority=\"high\" decoding=\"async\" width=\"800\" height=\"474\" src=\"https:\/\/faerymusic.com\/wp-content\/uploads\/2024\/03\/Faery_LOGO-1024x607.png\" class=\"attachment-large size-large wp-image-36\" alt=\"\" srcset=\"https:\/\/faerymusic.com\/wp-content\/uploads\/2024\/03\/Faery_LOGO-1024x607.png 1024w, https:\/\/faerymusic.com\/wp-content\/uploads\/2024\/03\/Faery_LOGO-300x178.png 300w, https:\/\/faerymusic.com\/wp-content\/uploads\/2024\/03\/Faery_LOGO-768x455.png 768w, https:\/\/faerymusic.com\/wp-content\/uploads\/2024\/03\/Faery_LOGO-18x12.png 18w, https:\/\/faerymusic.com\/wp-content\/uploads\/2024\/03\/Faery_LOGO.png 1080w\" sizes=\"(max-width: 800px) 100vw, 800px\" \/>\t\t\t\t\t\t\t\t\t\t\t\t\t\t\t<\/div>\n\t\t\t\t<\/div>\n\t\t\t\t<div class=\"elementor-element elementor-element-68a3123 elementor-widget elementor-widget-heading\" data-id=\"68a3123\" data-element_type=\"widget\" data-widget_type=\"heading.default\">\n\t\t\t\t<div class=\"elementor-widget-container\">\n\t\t\t\t\t<h2 class=\"elementor-heading-title elementor-size-default\">Zene<\/h2>\t\t\t\t<\/div>\n\t\t\t\t<\/div>\n\t\t\t\t<div class=\"elementor-element elementor-element-8056591 elementor-widget elementor-widget-text-editor\" data-id=\"8056591\" data-element_type=\"widget\" data-widget_type=\"text-editor.default\">\n\t\t\t\t<div class=\"elementor-widget-container\">\n\t\t\t\t\t\t\t\t\t<p>A Faery Music nem csak egy zenekar, hanem egy olyan \u00f6sszm\u0171v\u00e9szeti egy\u00fcttes, amelyben a tagok is egyenk\u00e9nt t\u00f6bbf\u00e9le m\u0171v\u00e9szeti vonalat k\u00e9pviselnek. A k\u00e9pz\u0151m\u0171v\u00e9sz t\u00e1ncos, a filoz\u00f3fus \u00e9nekes, a f\u00fav\u00f3s hangszereken j\u00e1tsz\u00f3 karikaturista, az informatikus zenei producer, \u00e9s a perk\u00e1s \u00e9letm\u0171v\u00e9sz egy olyan f\u00fazi\u00f3s produkci\u00f3t \u00e1lmodtak meg, amiben a modern technika kieg\u00e9sz\u00edti a hagyom\u00e1nyos hangszereket, \u00e9s kreat\u00edv hangokkal, kort\u00e1rs performansszal kieg\u00e9sz\u00fclve seg\u00edt minket \u0151si forr\u00e1shoz kapcsol\u00f3dni.<\/p>\t\t\t\t\t\t\t\t<\/div>\n\t\t\t\t<\/div>\n\t\t\t\t<div class=\"elementor-element elementor-element-ec017db elementor-widget elementor-widget-heading\" data-id=\"ec017db\" data-element_type=\"widget\" data-widget_type=\"heading.default\">\n\t\t\t\t<div class=\"elementor-widget-container\">\n\t\t\t\t\t<h2 class=\"elementor-heading-title elementor-size-default\">Hallgass Bele a Zen\u00e9nkbe<\/h2>\t\t\t\t<\/div>\n\t\t\t\t<\/div>\n\t\t\t\t<div class=\"elementor-element elementor-element-b92cae3 elementor-widget elementor-widget-text-editor\" data-id=\"b92cae3\" data-element_type=\"widget\" data-widget_type=\"text-editor.default\">\n\t\t\t\t<div class=\"elementor-widget-container\">\n\t\t\t\t\t\t\t\t\t<iframe style=\"border-radius:12px\" src=\"https:\/\/open.spotify.com\/embed\/playlist\/4YhfO3AYWTg6Ckk7vLCPtG?utm_source=generator\" width=\"100%\" height=\"152\" frameborder=\"0\" allowfullscreen=\"\" allow=\"autoplay; clipboard-write; encrypted-media; fullscreen; picture-in-picture\" loading=\"lazy\"><\/iframe>\t\t\t\t\t\t\t\t<\/div>\n\t\t\t\t<\/div>\n\t\t\t\t\t<\/div>\n\t\t\t\t<\/div>\n\t\t\t\t<\/div>","protected":false},"excerpt":{"rendered":"<p>Zene A Faery Music nem csak egy zenekar, hanem egy olyan \u00f6sszm\u0171v\u00e9szeti egy\u00fcttes, amelyben a tagok is egyenk\u00e9nt t\u00f6bbf\u00e9le m\u0171v\u00e9szeti vonalat k\u00e9pviselnek. A k\u00e9pz\u0151m\u0171v\u00e9sz t\u00e1ncos, a filoz\u00f3fus \u00e9nekes, a f\u00fav\u00f3s hangszereken j\u00e1tsz\u00f3 karikaturista, az informatikus zenei producer, \u00e9s a perk\u00e1s \u00e9letm\u0171v\u00e9sz egy olyan f\u00fazi\u00f3s produkci\u00f3t \u00e1lmodtak meg, amiben a modern technika kieg\u00e9sz\u00edti a hagyom\u00e1nyos hangszereket, [&hellip;]<\/p>","protected":false},"author":1,"featured_media":0,"parent":0,"menu_order":0,"comment_status":"closed","ping_status":"closed","template":"","meta":{"footnotes":""},"class_list":["post-220","page","type-page","status-publish","hentry"],"yoast_head":"<!-- This site is optimized with the Yoast SEO Premium plugin v26.2 (Yoast SEO v26.4) - https:\/\/yoast.com\/wordpress\/plugins\/seo\/ -->\n<title>Zene - Faery Music<\/title>\n<meta name=\"robots\" content=\"index, follow, max-snippet:-1, max-image-preview:large, max-video-preview:-1\" \/>\n<link rel=\"canonical\" href=\"https:\/\/faerymusic.com\/en\/zene\/\" \/>\n<meta property=\"og:locale\" content=\"en_US\" \/>\n<meta property=\"og:type\" content=\"article\" \/>\n<meta property=\"og:title\" content=\"Zene\" \/>\n<meta property=\"og:description\" content=\"Zene A Faery Music nem csak egy zenekar, hanem egy olyan \u00f6sszm\u0171v\u00e9szeti egy\u00fcttes, amelyben a tagok is egyenk\u00e9nt t\u00f6bbf\u00e9le m\u0171v\u00e9szeti vonalat k\u00e9pviselnek. A k\u00e9pz\u0151m\u0171v\u00e9sz t\u00e1ncos, a filoz\u00f3fus \u00e9nekes, a f\u00fav\u00f3s hangszereken j\u00e1tsz\u00f3 karikaturista, az informatikus zenei producer, \u00e9s a perk\u00e1s \u00e9letm\u0171v\u00e9sz egy olyan f\u00fazi\u00f3s produkci\u00f3t \u00e1lmodtak meg, amiben a modern technika kieg\u00e9sz\u00edti a hagyom\u00e1nyos hangszereket, [&hellip;]\" \/>\n<meta property=\"og:url\" content=\"https:\/\/faerymusic.com\/en\/zene\/\" \/>\n<meta property=\"og:site_name\" content=\"Faery Music\" \/>\n<meta property=\"article:modified_time\" content=\"2024-06-15T17:16:47+00:00\" \/>\n<meta property=\"og:image\" content=\"https:\/\/faerymusic.com\/wp-content\/uploads\/2024\/03\/Faery_LOGO-1024x607.png\" \/>\n<meta name=\"twitter:card\" content=\"summary_large_image\" \/>\n<meta name=\"twitter:label1\" content=\"Est. reading time\" \/>\n\t<meta name=\"twitter:data1\" content=\"1 minute\" \/>\n<script type=\"application\/ld+json\" class=\"yoast-schema-graph\">{\"@context\":\"https:\/\/schema.org\",\"@graph\":[{\"@type\":\"WebPage\",\"@id\":\"https:\/\/faerymusic.com\/zene\/\",\"url\":\"https:\/\/faerymusic.com\/zene\/\",\"name\":\"Zene - Faery Music\",\"isPartOf\":{\"@id\":\"https:\/\/faerymusic.com\/#website\"},\"primaryImageOfPage\":{\"@id\":\"https:\/\/faerymusic.com\/zene\/#primaryimage\"},\"image\":{\"@id\":\"https:\/\/faerymusic.com\/zene\/#primaryimage\"},\"thumbnailUrl\":\"https:\/\/faerymusic.com\/wp-content\/uploads\/2024\/03\/Faery_LOGO-1024x607.png\",\"datePublished\":\"2024-06-12T13:08:30+00:00\",\"dateModified\":\"2024-06-15T17:16:47+00:00\",\"breadcrumb\":{\"@id\":\"https:\/\/faerymusic.com\/zene\/#breadcrumb\"},\"inLanguage\":\"en-US\",\"potentialAction\":[{\"@type\":\"ReadAction\",\"target\":[\"https:\/\/faerymusic.com\/zene\/\"]}]},{\"@type\":\"ImageObject\",\"inLanguage\":\"en-US\",\"@id\":\"https:\/\/faerymusic.com\/zene\/#primaryimage\",\"url\":\"https:\/\/faerymusic.com\/wp-content\/uploads\/2024\/03\/Faery_LOGO-1024x607.png\",\"contentUrl\":\"https:\/\/faerymusic.com\/wp-content\/uploads\/2024\/03\/Faery_LOGO-1024x607.png\"},{\"@type\":\"BreadcrumbList\",\"@id\":\"https:\/\/faerymusic.com\/zene\/#breadcrumb\",\"itemListElement\":[{\"@type\":\"ListItem\",\"position\":1,\"name\":\"Kezd\u0151lap\",\"item\":\"https:\/\/faerymusic.com\/\"},{\"@type\":\"ListItem\",\"position\":2,\"name\":\"Zene\"}]},{\"@type\":\"WebSite\",\"@id\":\"https:\/\/faerymusic.com\/#website\",\"url\":\"https:\/\/faerymusic.com\/\",\"name\":\"Faery Music\",\"description\":\"Spiritual Pop Band\",\"publisher\":{\"@id\":\"https:\/\/faerymusic.com\/#organization\"},\"potentialAction\":[{\"@type\":\"SearchAction\",\"target\":{\"@type\":\"EntryPoint\",\"urlTemplate\":\"https:\/\/faerymusic.com\/?s={search_term_string}\"},\"query-input\":{\"@type\":\"PropertyValueSpecification\",\"valueRequired\":true,\"valueName\":\"search_term_string\"}}],\"inLanguage\":\"en-US\"},{\"@type\":\"Organization\",\"@id\":\"https:\/\/faerymusic.com\/#organization\",\"name\":\"Faery Music\",\"url\":\"https:\/\/faerymusic.com\/\",\"logo\":{\"@type\":\"ImageObject\",\"inLanguage\":\"en-US\",\"@id\":\"https:\/\/faerymusic.com\/#\/schema\/logo\/image\/\",\"url\":\"https:\/\/faerymusic.com\/wp-content\/uploads\/2024\/03\/faerymusic_logo1222.png\",\"contentUrl\":\"https:\/\/faerymusic.com\/wp-content\/uploads\/2024\/03\/faerymusic_logo1222.png\",\"width\":512,\"height\":512,\"caption\":\"Faery Music\"},\"image\":{\"@id\":\"https:\/\/faerymusic.com\/#\/schema\/logo\/image\/\"}}]}<\/script>\n<!-- \/ Yoast SEO Premium plugin. -->","yoast_head_json":{"title":"Zene - Faery Music","robots":{"index":"index","follow":"follow","max-snippet":"max-snippet:-1","max-image-preview":"max-image-preview:large","max-video-preview":"max-video-preview:-1"},"canonical":"https:\/\/faerymusic.com\/en\/zene\/","og_locale":"en_US","og_type":"article","og_title":"Zene","og_description":"Zene A Faery Music nem csak egy zenekar, hanem egy olyan \u00f6sszm\u0171v\u00e9szeti egy\u00fcttes, amelyben a tagok is egyenk\u00e9nt t\u00f6bbf\u00e9le m\u0171v\u00e9szeti vonalat k\u00e9pviselnek. A k\u00e9pz\u0151m\u0171v\u00e9sz t\u00e1ncos, a filoz\u00f3fus \u00e9nekes, a f\u00fav\u00f3s hangszereken j\u00e1tsz\u00f3 karikaturista, az informatikus zenei producer, \u00e9s a perk\u00e1s \u00e9letm\u0171v\u00e9sz egy olyan f\u00fazi\u00f3s produkci\u00f3t \u00e1lmodtak meg, amiben a modern technika kieg\u00e9sz\u00edti a hagyom\u00e1nyos hangszereket, [&hellip;]","og_url":"https:\/\/faerymusic.com\/en\/zene\/","og_site_name":"Faery Music","article_modified_time":"2024-06-15T17:16:47+00:00","og_image":[{"url":"https:\/\/faerymusic.com\/wp-content\/uploads\/2024\/03\/Faery_LOGO-1024x607.png","type":"","width":"","height":""}],"twitter_card":"summary_large_image","twitter_misc":{"Est. reading time":"1 minute"},"schema":{"@context":"https:\/\/schema.org","@graph":[{"@type":"WebPage","@id":"https:\/\/faerymusic.com\/zene\/","url":"https:\/\/faerymusic.com\/zene\/","name":"Zene - Faery Music","isPartOf":{"@id":"https:\/\/faerymusic.com\/#website"},"primaryImageOfPage":{"@id":"https:\/\/faerymusic.com\/zene\/#primaryimage"},"image":{"@id":"https:\/\/faerymusic.com\/zene\/#primaryimage"},"thumbnailUrl":"https:\/\/faerymusic.com\/wp-content\/uploads\/2024\/03\/Faery_LOGO-1024x607.png","datePublished":"2024-06-12T13:08:30+00:00","dateModified":"2024-06-15T17:16:47+00:00","breadcrumb":{"@id":"https:\/\/faerymusic.com\/zene\/#breadcrumb"},"inLanguage":"en-US","potentialAction":[{"@type":"ReadAction","target":["https:\/\/faerymusic.com\/zene\/"]}]},{"@type":"ImageObject","inLanguage":"en-US","@id":"https:\/\/faerymusic.com\/zene\/#primaryimage","url":"https:\/\/faerymusic.com\/wp-content\/uploads\/2024\/03\/Faery_LOGO-1024x607.png","contentUrl":"https:\/\/faerymusic.com\/wp-content\/uploads\/2024\/03\/Faery_LOGO-1024x607.png"},{"@type":"BreadcrumbList","@id":"https:\/\/faerymusic.com\/zene\/#breadcrumb","itemListElement":[{"@type":"ListItem","position":1,"name":"Kezd\u0151lap","item":"https:\/\/faerymusic.com\/"},{"@type":"ListItem","position":2,"name":"Zene"}]},{"@type":"WebSite","@id":"https:\/\/faerymusic.com\/#website","url":"https:\/\/faerymusic.com\/","name":"Faery Music","description":"Spiritual Pop Band","publisher":{"@id":"https:\/\/faerymusic.com\/#organization"},"potentialAction":[{"@type":"SearchAction","target":{"@type":"EntryPoint","urlTemplate":"https:\/\/faerymusic.com\/?s={search_term_string}"},"query-input":{"@type":"PropertyValueSpecification","valueRequired":true,"valueName":"search_term_string"}}],"inLanguage":"en-US"},{"@type":"Organization","@id":"https:\/\/faerymusic.com\/#organization","name":"Faery Music","url":"https:\/\/faerymusic.com\/","logo":{"@type":"ImageObject","inLanguage":"en-US","@id":"https:\/\/faerymusic.com\/#\/schema\/logo\/image\/","url":"https:\/\/faerymusic.com\/wp-content\/uploads\/2024\/03\/faerymusic_logo1222.png","contentUrl":"https:\/\/faerymusic.com\/wp-content\/uploads\/2024\/03\/faerymusic_logo1222.png","width":512,"height":512,"caption":"Faery Music"},"image":{"@id":"https:\/\/faerymusic.com\/#\/schema\/logo\/image\/"}}]}},"_links":{"self":[{"href":"https:\/\/faerymusic.com\/en\/wp-json\/wp\/v2\/pages\/220","targetHints":{"allow":["GET"]}}],"collection":[{"href":"https:\/\/faerymusic.com\/en\/wp-json\/wp\/v2\/pages"}],"about":[{"href":"https:\/\/faerymusic.com\/en\/wp-json\/wp\/v2\/types\/page"}],"author":[{"embeddable":true,"href":"https:\/\/faerymusic.com\/en\/wp-json\/wp\/v2\/users\/1"}],"replies":[{"embeddable":true,"href":"https:\/\/faerymusic.com\/en\/wp-json\/wp\/v2\/comments?post=220"}],"version-history":[{"count":22,"href":"https:\/\/faerymusic.com\/en\/wp-json\/wp\/v2\/pages\/220\/revisions"}],"predecessor-version":[{"id":400,"href":"https:\/\/faerymusic.com\/en\/wp-json\/wp\/v2\/pages\/220\/revisions\/400"}],"wp:attachment":[{"href":"https:\/\/faerymusic.com\/en\/wp-json\/wp\/v2\/media?parent=220"}],"curies":[{"name":"wp","href":"https:\/\/api.w.org\/{rel}","templated":true}]}}