{"id":218,"date":"2024-06-12T13:07:57","date_gmt":"2024-06-12T13:07:57","guid":{"rendered":"https:\/\/faerymusic.com\/?page_id=218"},"modified":"2024-06-15T17:18:16","modified_gmt":"2024-06-15T17:18:16","slug":"kapcsolat","status":"publish","type":"page","link":"https:\/\/faerymusic.com\/en\/kapcsolat\/","title":{"rendered":"Kapcsolat"},"content":{"rendered":"<div data-elementor-type=\"wp-page\" data-elementor-id=\"218\" class=\"elementor elementor-218\" data-elementor-post-type=\"page\">\n\t\t\t\t<div class=\"elementor-element elementor-element-771c683 e-flex e-con-boxed e-con e-parent\" data-id=\"771c683\" data-element_type=\"container\" data-settings=\"{&quot;background_background&quot;:&quot;gradient&quot;}\">\n\t\t\t\t\t<div class=\"e-con-inner\">\n\t\t\t\t<div class=\"elementor-element elementor-element-63b2c83 elementor-widget elementor-widget-image\" data-id=\"63b2c83\" data-element_type=\"widget\" data-widget_type=\"image.default\">\n\t\t\t\t<div class=\"elementor-widget-container\">\n\t\t\t\t\t\t\t\t\t\t\t\t\t\t\t<img fetchpriority=\"high\" decoding=\"async\" width=\"800\" height=\"474\" src=\"https:\/\/faerymusic.com\/wp-content\/uploads\/2024\/06\/Faery_LOGO-1024x607.png\" class=\"attachment-large size-large wp-image-238\" alt=\"\" srcset=\"https:\/\/faerymusic.com\/wp-content\/uploads\/2024\/06\/Faery_LOGO-1024x607.png 1024w, https:\/\/faerymusic.com\/wp-content\/uploads\/2024\/06\/Faery_LOGO-300x178.png 300w, https:\/\/faerymusic.com\/wp-content\/uploads\/2024\/06\/Faery_LOGO-768x455.png 768w, https:\/\/faerymusic.com\/wp-content\/uploads\/2024\/06\/Faery_LOGO-18x12.png 18w, https:\/\/faerymusic.com\/wp-content\/uploads\/2024\/06\/Faery_LOGO.png 1080w\" sizes=\"(max-width: 800px) 100vw, 800px\" \/>\t\t\t\t\t\t\t\t\t\t\t\t\t\t\t<\/div>\n\t\t\t\t<\/div>\n\t\t\t\t<div class=\"elementor-element elementor-element-e3fb139 elementor-widget elementor-widget-heading\" data-id=\"e3fb139\" data-element_type=\"widget\" data-widget_type=\"heading.default\">\n\t\t\t\t<div class=\"elementor-widget-container\">\n\t\t\t\t\t<h1 class=\"elementor-heading-title elementor-size-default\">KAPCSOLAT<\/h1>\t\t\t\t<\/div>\n\t\t\t\t<\/div>\n\t\t\t\t<div class=\"elementor-element elementor-element-eda6d6d elementor-widget elementor-widget-text-editor\" data-id=\"eda6d6d\" data-element_type=\"widget\" data-widget_type=\"text-editor.default\">\n\t\t\t\t<div class=\"elementor-widget-container\">\n\t\t\t\t\t\t\t\t\t<p>Az al\u00e1bbi \u0171rlap kit\u00f6lt\u00e9s\u00e9vel tudsz nek\u00fcnk \u00fczenetet k\u00fcldeni.<\/p>\t\t\t\t\t\t\t\t<\/div>\n\t\t\t\t<\/div>\n\t\t\t\t<div class=\"elementor-element elementor-element-3935763 fluentform-widget-submit-button-full-width fluent-form-widget-step-header-yes fluent-form-widget-step-progressbar-yes elementor-widget elementor-widget-fluent-form-widget\" data-id=\"3935763\" data-element_type=\"widget\" data-no-translation=\"\" data-widget_type=\"fluent-form-widget.default\">\n\t\t\t\t<div class=\"elementor-widget-container\">\n\t\t\t\t\t<style>.elementor-element-3935763{display:none !important}<\/style>\t\t\t\t<\/div>\n\t\t\t\t<\/div>\n\t\t\t\t\t<\/div>\n\t\t\t\t<\/div>\n\t\t\t\t<\/div>","protected":false},"excerpt":{"rendered":"<p>KAPCSOLAT Az al\u00e1bbi \u0171rlap kit\u00f6lt\u00e9s\u00e9vel tudsz nek\u00fcnk \u00fczenetet k\u00fcldeni. Contact Form Demo (#4) N\u00e9vEmailT\u00e1rgy\u00dczenet Az Adatv\u00e9delmi T\u00e1j\u00e9koztat\u00f3t elolvastam, \u00e9s beleegyezem, hogy a faerymusic.com weboldal kezelje az adataimat.K\u00fcld\u00e9s<\/p>","protected":false},"author":1,"featured_media":0,"parent":0,"menu_order":0,"comment_status":"closed","ping_status":"closed","template":"","meta":{"footnotes":""},"class_list":["post-218","page","type-page","status-publish","hentry"],"yoast_head":"<!-- This site is optimized with the Yoast SEO Premium plugin v26.2 (Yoast SEO v26.4) - https:\/\/yoast.com\/wordpress\/plugins\/seo\/ -->\n<title>Kapcsolat - Faery Music<\/title>\n<meta name=\"robots\" content=\"index, follow, max-snippet:-1, max-image-preview:large, max-video-preview:-1\" \/>\n<link rel=\"canonical\" href=\"https:\/\/faerymusic.com\/en\/kapcsolat\/\" \/>\n<meta property=\"og:locale\" content=\"en_US\" \/>\n<meta property=\"og:type\" content=\"article\" \/>\n<meta property=\"og:title\" content=\"Kapcsolat\" \/>\n<meta property=\"og:description\" content=\"KAPCSOLAT Az al\u00e1bbi \u0171rlap kit\u00f6lt\u00e9s\u00e9vel tudsz nek\u00fcnk \u00fczenetet k\u00fcldeni. Contact Form Demo (#4) N\u00e9vEmailT\u00e1rgy\u00dczenet Az Adatv\u00e9delmi T\u00e1j\u00e9koztat\u00f3t elolvastam, \u00e9s beleegyezem, hogy a faerymusic.com weboldal kezelje az adataimat.K\u00fcld\u00e9s\" \/>\n<meta property=\"og:url\" content=\"https:\/\/faerymusic.com\/en\/kapcsolat\/\" \/>\n<meta property=\"og:site_name\" content=\"Faery Music\" \/>\n<meta property=\"article:modified_time\" content=\"2024-06-15T17:18:16+00:00\" \/>\n<meta property=\"og:image\" content=\"https:\/\/faerymusic.com\/wp-content\/uploads\/2024\/06\/Faery_LOGO-1024x607.png\" \/>\n<meta name=\"twitter:card\" content=\"summary_large_image\" \/>\n<meta name=\"twitter:label1\" content=\"Est. reading time\" \/>\n\t<meta name=\"twitter:data1\" content=\"1 minute\" \/>\n<script type=\"application\/ld+json\" class=\"yoast-schema-graph\">{\"@context\":\"https:\/\/schema.org\",\"@graph\":[{\"@type\":\"WebPage\",\"@id\":\"https:\/\/faerymusic.com\/kapcsolat\/\",\"url\":\"https:\/\/faerymusic.com\/kapcsolat\/\",\"name\":\"Kapcsolat - Faery Music\",\"isPartOf\":{\"@id\":\"https:\/\/faerymusic.com\/#website\"},\"primaryImageOfPage\":{\"@id\":\"https:\/\/faerymusic.com\/kapcsolat\/#primaryimage\"},\"image\":{\"@id\":\"https:\/\/faerymusic.com\/kapcsolat\/#primaryimage\"},\"thumbnailUrl\":\"https:\/\/faerymusic.com\/wp-content\/uploads\/2024\/06\/Faery_LOGO-1024x607.png\",\"datePublished\":\"2024-06-12T13:07:57+00:00\",\"dateModified\":\"2024-06-15T17:18:16+00:00\",\"breadcrumb\":{\"@id\":\"https:\/\/faerymusic.com\/kapcsolat\/#breadcrumb\"},\"inLanguage\":\"en-US\",\"potentialAction\":[{\"@type\":\"ReadAction\",\"target\":[\"https:\/\/faerymusic.com\/kapcsolat\/\"]}]},{\"@type\":\"ImageObject\",\"inLanguage\":\"en-US\",\"@id\":\"https:\/\/faerymusic.com\/kapcsolat\/#primaryimage\",\"url\":\"https:\/\/faerymusic.com\/wp-content\/uploads\/2024\/06\/Faery_LOGO-1024x607.png\",\"contentUrl\":\"https:\/\/faerymusic.com\/wp-content\/uploads\/2024\/06\/Faery_LOGO-1024x607.png\"},{\"@type\":\"BreadcrumbList\",\"@id\":\"https:\/\/faerymusic.com\/kapcsolat\/#breadcrumb\",\"itemListElement\":[{\"@type\":\"ListItem\",\"position\":1,\"name\":\"Kezd\u0151lap\",\"item\":\"https:\/\/faerymusic.com\/\"},{\"@type\":\"ListItem\",\"position\":2,\"name\":\"Kapcsolat\"}]},{\"@type\":\"WebSite\",\"@id\":\"https:\/\/faerymusic.com\/#website\",\"url\":\"https:\/\/faerymusic.com\/\",\"name\":\"Faery Music\",\"description\":\"Spiritual Pop Band\",\"publisher\":{\"@id\":\"https:\/\/faerymusic.com\/#organization\"},\"potentialAction\":[{\"@type\":\"SearchAction\",\"target\":{\"@type\":\"EntryPoint\",\"urlTemplate\":\"https:\/\/faerymusic.com\/?s={search_term_string}\"},\"query-input\":{\"@type\":\"PropertyValueSpecification\",\"valueRequired\":true,\"valueName\":\"search_term_string\"}}],\"inLanguage\":\"en-US\"},{\"@type\":\"Organization\",\"@id\":\"https:\/\/faerymusic.com\/#organization\",\"name\":\"Faery Music\",\"url\":\"https:\/\/faerymusic.com\/\",\"logo\":{\"@type\":\"ImageObject\",\"inLanguage\":\"en-US\",\"@id\":\"https:\/\/faerymusic.com\/#\/schema\/logo\/image\/\",\"url\":\"https:\/\/faerymusic.com\/wp-content\/uploads\/2024\/03\/faerymusic_logo1222.png\",\"contentUrl\":\"https:\/\/faerymusic.com\/wp-content\/uploads\/2024\/03\/faerymusic_logo1222.png\",\"width\":512,\"height\":512,\"caption\":\"Faery Music\"},\"image\":{\"@id\":\"https:\/\/faerymusic.com\/#\/schema\/logo\/image\/\"}}]}<\/script>\n<!-- \/ Yoast SEO Premium plugin. -->","yoast_head_json":{"title":"Kapcsolat - Faery Music","robots":{"index":"index","follow":"follow","max-snippet":"max-snippet:-1","max-image-preview":"max-image-preview:large","max-video-preview":"max-video-preview:-1"},"canonical":"https:\/\/faerymusic.com\/en\/kapcsolat\/","og_locale":"en_US","og_type":"article","og_title":"Kapcsolat","og_description":"KAPCSOLAT Az al\u00e1bbi \u0171rlap kit\u00f6lt\u00e9s\u00e9vel tudsz nek\u00fcnk \u00fczenetet k\u00fcldeni. Contact Form Demo (#4) N\u00e9vEmailT\u00e1rgy\u00dczenet Az Adatv\u00e9delmi T\u00e1j\u00e9koztat\u00f3t elolvastam, \u00e9s beleegyezem, hogy a faerymusic.com weboldal kezelje az adataimat.K\u00fcld\u00e9s","og_url":"https:\/\/faerymusic.com\/en\/kapcsolat\/","og_site_name":"Faery Music","article_modified_time":"2024-06-15T17:18:16+00:00","og_image":[{"url":"https:\/\/faerymusic.com\/wp-content\/uploads\/2024\/06\/Faery_LOGO-1024x607.png","type":"","width":"","height":""}],"twitter_card":"summary_large_image","twitter_misc":{"Est. reading time":"1 minute"},"schema":{"@context":"https:\/\/schema.org","@graph":[{"@type":"WebPage","@id":"https:\/\/faerymusic.com\/kapcsolat\/","url":"https:\/\/faerymusic.com\/kapcsolat\/","name":"Kapcsolat - Faery Music","isPartOf":{"@id":"https:\/\/faerymusic.com\/#website"},"primaryImageOfPage":{"@id":"https:\/\/faerymusic.com\/kapcsolat\/#primaryimage"},"image":{"@id":"https:\/\/faerymusic.com\/kapcsolat\/#primaryimage"},"thumbnailUrl":"https:\/\/faerymusic.com\/wp-content\/uploads\/2024\/06\/Faery_LOGO-1024x607.png","datePublished":"2024-06-12T13:07:57+00:00","dateModified":"2024-06-15T17:18:16+00:00","breadcrumb":{"@id":"https:\/\/faerymusic.com\/kapcsolat\/#breadcrumb"},"inLanguage":"en-US","potentialAction":[{"@type":"ReadAction","target":["https:\/\/faerymusic.com\/kapcsolat\/"]}]},{"@type":"ImageObject","inLanguage":"en-US","@id":"https:\/\/faerymusic.com\/kapcsolat\/#primaryimage","url":"https:\/\/faerymusic.com\/wp-content\/uploads\/2024\/06\/Faery_LOGO-1024x607.png","contentUrl":"https:\/\/faerymusic.com\/wp-content\/uploads\/2024\/06\/Faery_LOGO-1024x607.png"},{"@type":"BreadcrumbList","@id":"https:\/\/faerymusic.com\/kapcsolat\/#breadcrumb","itemListElement":[{"@type":"ListItem","position":1,"name":"Kezd\u0151lap","item":"https:\/\/faerymusic.com\/"},{"@type":"ListItem","position":2,"name":"Kapcsolat"}]},{"@type":"WebSite","@id":"https:\/\/faerymusic.com\/#website","url":"https:\/\/faerymusic.com\/","name":"Faery Music","description":"Spiritual Pop Band","publisher":{"@id":"https:\/\/faerymusic.com\/#organization"},"potentialAction":[{"@type":"SearchAction","target":{"@type":"EntryPoint","urlTemplate":"https:\/\/faerymusic.com\/?s={search_term_string}"},"query-input":{"@type":"PropertyValueSpecification","valueRequired":true,"valueName":"search_term_string"}}],"inLanguage":"en-US"},{"@type":"Organization","@id":"https:\/\/faerymusic.com\/#organization","name":"Faery Music","url":"https:\/\/faerymusic.com\/","logo":{"@type":"ImageObject","inLanguage":"en-US","@id":"https:\/\/faerymusic.com\/#\/schema\/logo\/image\/","url":"https:\/\/faerymusic.com\/wp-content\/uploads\/2024\/03\/faerymusic_logo1222.png","contentUrl":"https:\/\/faerymusic.com\/wp-content\/uploads\/2024\/03\/faerymusic_logo1222.png","width":512,"height":512,"caption":"Faery Music"},"image":{"@id":"https:\/\/faerymusic.com\/#\/schema\/logo\/image\/"}}]}},"_links":{"self":[{"href":"https:\/\/faerymusic.com\/en\/wp-json\/wp\/v2\/pages\/218","targetHints":{"allow":["GET"]}}],"collection":[{"href":"https:\/\/faerymusic.com\/en\/wp-json\/wp\/v2\/pages"}],"about":[{"href":"https:\/\/faerymusic.com\/en\/wp-json\/wp\/v2\/types\/page"}],"author":[{"embeddable":true,"href":"https:\/\/faerymusic.com\/en\/wp-json\/wp\/v2\/users\/1"}],"replies":[{"embeddable":true,"href":"https:\/\/faerymusic.com\/en\/wp-json\/wp\/v2\/comments?post=218"}],"version-history":[{"count":10,"href":"https:\/\/faerymusic.com\/en\/wp-json\/wp\/v2\/pages\/218\/revisions"}],"predecessor-version":[{"id":403,"href":"https:\/\/faerymusic.com\/en\/wp-json\/wp\/v2\/pages\/218\/revisions\/403"}],"wp:attachment":[{"href":"https:\/\/faerymusic.com\/en\/wp-json\/wp\/v2\/media?parent=218"}],"curies":[{"name":"wp","href":"https:\/\/api.w.org\/{rel}","templated":true}]}}