{"id":185,"date":"2024-06-12T11:22:29","date_gmt":"2024-06-12T11:22:29","guid":{"rendered":"https:\/\/faerymusic.com\/?page_id=185"},"modified":"2024-08-30T11:51:03","modified_gmt":"2024-08-30T11:51:03","slug":"esemenyek","status":"publish","type":"page","link":"https:\/\/faerymusic.com\/en\/esemenyek\/","title":{"rendered":"Esem\u00e9nyek"},"content":{"rendered":"<div data-elementor-type=\"wp-page\" data-elementor-id=\"185\" class=\"elementor elementor-185\" data-elementor-post-type=\"page\">\n\t\t\t\t<div class=\"elementor-element elementor-element-32189fe e-flex e-con-boxed e-con e-parent\" data-id=\"32189fe\" data-element_type=\"container\" data-settings=\"{&quot;background_background&quot;:&quot;gradient&quot;}\">\n\t\t\t\t\t<div class=\"e-con-inner\">\n\t\t\t\t<div class=\"elementor-element elementor-element-ae89887 elementor-widget elementor-widget-image\" data-id=\"ae89887\" data-element_type=\"widget\" data-widget_type=\"image.default\">\n\t\t\t\t<div class=\"elementor-widget-container\">\n\t\t\t\t\t\t\t\t\t\t\t\t\t\t\t<img fetchpriority=\"high\" decoding=\"async\" width=\"800\" height=\"474\" src=\"https:\/\/faerymusic.com\/wp-content\/uploads\/2024\/03\/Faery_LOGO-1024x607.png\" class=\"attachment-large size-large wp-image-36\" alt=\"\" srcset=\"https:\/\/faerymusic.com\/wp-content\/uploads\/2024\/03\/Faery_LOGO-1024x607.png 1024w, https:\/\/faerymusic.com\/wp-content\/uploads\/2024\/03\/Faery_LOGO-300x178.png 300w, https:\/\/faerymusic.com\/wp-content\/uploads\/2024\/03\/Faery_LOGO-768x455.png 768w, https:\/\/faerymusic.com\/wp-content\/uploads\/2024\/03\/Faery_LOGO-18x12.png 18w, https:\/\/faerymusic.com\/wp-content\/uploads\/2024\/03\/Faery_LOGO.png 1080w\" sizes=\"(max-width: 800px) 100vw, 800px\" \/>\t\t\t\t\t\t\t\t\t\t\t\t\t\t\t<\/div>\n\t\t\t\t<\/div>\n\t\t\t\t<div class=\"elementor-element elementor-element-fcbe333 elementor-widget elementor-widget-heading\" data-id=\"fcbe333\" data-element_type=\"widget\" data-widget_type=\"heading.default\">\n\t\t\t\t<div class=\"elementor-widget-container\">\n\t\t\t\t\t<h1 class=\"elementor-heading-title elementor-size-default\">Esem\u00e9nyek<\/h1>\t\t\t\t<\/div>\n\t\t\t\t<\/div>\n\t\t\t\t<div class=\"elementor-element elementor-element-eventon elementor-widget elementor-widget-EventON\" data-id=\"eventon\" data-element_type=\"widget\" data-widget_type=\"EventON.default\">\n\t\t\t\t<div class=\"elementor-widget-container\">\n\t\t\t\t\t<div class='ajde_evcal_calendar eventon_single_event eventon_event evo_sin_box sev cev color esty_2 etttc_custom'><div class='evo-data' data-expanded=\"&#039;1&#039;\" data-ux_val='4' data-exturl='' data-mapscroll='true' data-mapformat='roadmap' data-mapzoom='18'><\/div><div class='evo_cal_data' data-sc='{\"excerpt\":\"no\",\"expanded\":\"yes\",\"ux_val\":4,\"exturl\":\"\",\"mapscroll\":\"true\",\"mapformat\":\"roadmap\",\"mapzoom\":\"18\",\"maps_load\":\"yes\"}'><\/div><div id='evcal_list' class='eventon_events_list'><div id=\"event_536_0\" class=\"eventon_list_event evo_eventtop scheduled  event no_et event_536_0\" data-event_id=\"536\" data-ri=\"0r\" data-time=\"1725721200-1725745800\" data-colr=\"#004869\"><div class=\"evo_event_schema\"><a href='https:\/\/faerymusic.com\/en\/events\/a-hold-szines-arnyekai\/'><\/a><span>Budapest Music Center<\/span><span>1093 Budapest, M\u00e1ty\u00e1s utca 8.<\/span>{\"@context\": \"http:\/\/schema.org\",\"@type\": \"Event\",\n\t\t\t\t\"@id\": \"event_536_0\",\n\t\t\t\t\"eventAttendanceMode\":\"https:\/\/schema.org\/OfflineEventAttendanceMode\",\n\t\t\t\t\"name\": \"A Hold sz\u00ednes \u00e1rny\u00e9kai\",\n\t\t\t\t\"url\": \"https:\/\/faerymusic.com\/en\/events\/a-hold-szines-arnyekai\/\",\n\t\t\t\t\"startDate\": \"2024-9-7T17:00+0:00\",\n\t\t\t\t\"endDate\": \"2024-9-7T23:50+0:00\",\n\t\t\t\t\"image\":\"\", \n\t\t\t\t\"description\":\"A Hold sz\u00ednes \u00e1rny\u00e9kai\",\"location\":[{\"@type\":\"Place\",\"name\":\"Budapest Music Center\",\"address\":{\"@type\": \"PostalAddress\",\"streetAddress\":\"1093 Budapest, M\u00e1ty\u00e1s utca 8.\"}}],\"eventStatus\":\"https:\/\/schema.org\/EventScheduled\"}<\/div>\n\t\t\t\t<p class=\"desc_trig_outter\"><a data-gmtrig=\"1\" data-exlk=\"0\" style=\"background-color: #004869\" id=\"evc_1725721200536\" class=\"desc_trig sin_val evcal_list_a\" data-ux_val=\"1\" data-ux_val_mob=\"-\"><span class='evoet_c2 evoet_cx'><span class='evoet_dayblock evcal_cblock' data-bgcolor='#004869' data-smon='september' data-syr='2024'><span class='evo_start'><em class='date'>07<\/em><em class='month'>sep<\/em><em class='time'>5:00 du.<\/em><\/span><\/span><\/span><span class='event_location_attrs' data-location_address=\"1093 Budapest, M\u00e1ty\u00e1s utca 8.\" data-location_type=\"address\" data-location_name=\"Budapest Music Center\" data-location_url=\"https:\/\/faerymusic.com\/en\/event-location\/budapest-music-center\/\" data-location_status=\"true\"><\/span><span class='evoet_c3 evoet_cx evcal_desc evo_info'><span class='evoet_tags evo_above_title'><\/span><span class='evoet_title evcal_desc2 evcal_event_title'>A Hold sz\u00ednes \u00e1rny\u00e9kai<\/span><span class='evoet_subtitle evo_below_title'><\/span><span class='evoet_time_expand level_3 evcal_desc_info evogap10'><\/span><span class='evcal_desc3'><\/span><\/span><em class='evoet_data'><\/em><\/a><\/p><div class='event_description evcal_eventcard'><div class='evocard_row bx2 bx'><div class='evocard_box time' data-c=''><div class='evo_metarow_time evorow evcal_evdata_row evcal_evrow_sm'>\n\t\t<span class='evcal_evdata_icons'><i class='fa fa-clock'><\/i><\/span>\n\t\t<div class='evcal_evdata_cell'>\t\t\t\t\t\t\t\n\t\t\t<h3 class='evo_h3'><span class='evcal_evdata_icons'><i class='fa fa-clock'><\/i><\/span>Id\u0151pont<\/h3><p><span class='evo_eventcard_time_t'>September 7, 2024 5:00 du.<\/span><span class='evo_tz'>(GMT+02:00)<\/span><\/p>\n\t\t<\/div>\n\t<\/div><\/div><div class='evocard_box location' data-c=''><div class='evcal_evdata_row evo_metarow_time_location evorow'>\n\t\t\n\t\t\t<span class='evcal_evdata_icons'><i class='fa fa-map-marker'><\/i><\/span>\n\t\t\t<div class='evcal_evdata_cell' data-loc_tax_id='6'><h3 class='evo_h3'><span class='evcal_evdata_icons'><i class='fa fa-map-marker'><\/i><\/span><a target=\"\" href=\"https:\/\/bmc.hu\/\">Helysz\u00edn<\/a><\/h3><p class='evo_location_name' style='margin-bottom:10px;font-size:15px'><a target=\"\" href=\"https:\/\/bmc.hu\/\">Budapest Music Center<\/a><\/p><p class='evo_location_address evodfxi evogap10'><a target=\"\" href=\"https:\/\/bmc.hu\/\">1093 Budapest, M\u00e1ty\u00e1s utca 8.<\/a><a href='https:\/\/www.google.com\/maps?q=1093+Budapest%2C+M%C3%A1ty%C3%A1s+utca+8.' target='_blank'><i class='fa fa-arrow-up-right-from-square'><\/i><\/a><\/p><\/div>\n\t\t\n\t<\/div><\/div><\/div><div class='evocard_row bx2 bx'><div class='evocard_box learnmore' data-c=''><div class='evo_metarow_learnM evo_metarow_learnmore evorow'>\n\t\t\t\t\t\t\t<a class='evcal_evdata_row evo_clik_row' href='https:\/\/www.facebook.com\/events\/1746558059483001' target=\"_blank\">\n\t\t\t\t\t\t\t\t<span class='evcal_evdata_icons'><i class='fa fa-link'><\/i><\/span>\n\t\t\t\t\t\t\t\t<h3 class='evo_h3 evopad0i'>B\u0151vebben<\/h3>\n\t\t\t\t\t\t\t<\/a>\n\t\t\t\t\t\t\t<\/div><\/div><div class='evocard_box addtocal' data-c=''><div class='evo_metarow_ICS evorow evcal_evdata_row'>\n\t\t\t<span class='evcal_evdata_icons'><i class='fa fa-calendar-o'><\/i><\/span>\n\t\t\t<div class='evcal_evdata_cell'>\n\t\t\t\t<p><a href='https:\/\/faerymusic.com\/en\/export-events\/536_0\/?nonce=04acf33019' class='evo_ics_nCal' title='Napt\u00e1rhoz adom'>Napt\u00e1r<\/a><a href='\/\/www.google.com\/calendar\/event?action=TEMPLATE&amp;text=A+Hold+sz%C3%ADnes+%C3%A1rny%C3%A9kai&amp;dates=20240907T150000Z\/20240907T215000Z&amp;ctz=Europe\/Berlin&amp;details=A+Hold+sz%C3%ADnes+%C3%A1rny%C3%A9kai&amp;location=Budapest+Music+Center1093+Budapest%2C+M%C3%A1ty%C3%A1s+utca+8.' target='_blank' class='evo_ics_gCal' title='Google Napt\u00e1rhoz adom'>Google Napt\u00e1r<\/a><\/p>\t\n\t\t\t<\/div>\n\t\t<\/div><\/div><\/div><div class='evocard_row'><div class='evocard_box customfield1' data-c=''><div class='evo_metarow_cusF1 evorow evcal_evdata_row evcal_evrow_sm'>\n\t\t\t<span class='evcal_evdata_icons'><i class='fa fa-ticket'><\/i><\/span>\n\t\t\t<div class='evcal_evdata_cell'>\t\t\t\t\t\t\t\n\t\t\t\t<h3 class='evo_h3'>Jegyek<\/h3><div class='evo_custom_content evo_data_val evodfx evofx_dr_r evofx_ww evogap20'><div class=''><a href='https:\/\/www.facebook.com\/events\/1746558059483001' class='evcal_btn evo_cusmeta_btn'>Az esem\u00e9ny ingyenes<\/a><\/div><\/div><\/div><\/div><\/div><\/div><div class='evocard_row'><div class='evocard_box evosocial' data-c=''><div class='evo_metarow_socialmedia evcal_evdata_row'><div class='evo_sm FacebookShare'><a class=\"evo_ss\" target=\"_blank\" href=\"\/\/www.facebook.com\/sharer.php?u=https%3A%2F%2Ffaerymusic.com%2Fen%2Fevents%2Fa-hold-szines-arnyekai%2F\" title=\"Share on facebook\"><i class=\"fa fab fa-facebook\"><\/i><\/a><\/div><div class='evo_sm EmailShare'><a class=\"em evo_ss\" href=\"mailto:?subject=A Hold sz\u00ednes \u00e1rny\u00e9kai&amp;body=Esem\u00e9ny neve: A Hold sz\u00ednes \u00e1rny\u00e9kai%0AEsem\u00e9ny d\u00e1tuma: September 7, 2024 3:00 Du.%0ALink: https%3A%2F%2Ffaerymusic.com%2Fen%2Fevents%2Fa-hold-szines-arnyekai%2F%0A\" target=\"_blank\"><i class=\"fa fa-envelope\"><\/i><\/a><\/div><\/div><\/div><\/div><div class='evocard_row'><div class='evocard_box getdirection' data-c=''><div class='evo_metarow_getDr evorow evcal_evdata_row evcal_evrow_sm getdirections'>\n\t\n\t \n\t<p>\n\t<button type='submit' class='evcal_evdata_icons evcalicon_9' title='Click here to get directions'><i class='fa fa-road'><\/i><\/button>\n\t<\/p>\n<\/div><\/div><\/div><div class='evo_card_row_end evcal_close' title='Close'><\/div><\/div><div class='clear end'><\/div><\/div><\/div><\/div>\t\t\t\t<\/div>\n\t\t\t\t<\/div>\n\t\t\t\t\t<\/div>\n\t\t\t\t<\/div>\n\t\t\t\t<\/div>","protected":false},"excerpt":{"rendered":"<p>Esem\u00e9nyek<\/p>","protected":false},"author":1,"featured_media":0,"parent":0,"menu_order":0,"comment_status":"closed","ping_status":"closed","template":"","meta":{"footnotes":""},"class_list":["post-185","page","type-page","status-publish","hentry"],"yoast_head":"<!-- This site is optimized with the Yoast SEO Premium plugin v26.2 (Yoast SEO v26.4) - https:\/\/yoast.com\/wordpress\/plugins\/seo\/ -->\n<title>Esem\u00e9nyek - Faery Music<\/title>\n<meta name=\"robots\" content=\"index, follow, max-snippet:-1, max-image-preview:large, max-video-preview:-1\" \/>\n<link rel=\"canonical\" href=\"https:\/\/faerymusic.com\/en\/esemenyek\/\" \/>\n<meta property=\"og:locale\" content=\"en_US\" \/>\n<meta property=\"og:type\" content=\"article\" \/>\n<meta property=\"og:title\" content=\"Esem\u00e9nyek\" \/>\n<meta property=\"og:description\" content=\"Esem\u00e9nyek\" \/>\n<meta property=\"og:url\" content=\"https:\/\/faerymusic.com\/en\/esemenyek\/\" \/>\n<meta property=\"og:site_name\" content=\"Faery Music\" \/>\n<meta property=\"article:modified_time\" content=\"2024-08-30T11:51:03+00:00\" \/>\n<meta property=\"og:image\" content=\"https:\/\/faerymusic.com\/wp-content\/uploads\/2024\/03\/Faery_LOGO-1024x607.png\" \/>\n<meta name=\"twitter:card\" content=\"summary_large_image\" \/>\n<meta name=\"twitter:label1\" content=\"Est. reading time\" \/>\n\t<meta name=\"twitter:data1\" content=\"1 minute\" \/>\n<script type=\"application\/ld+json\" class=\"yoast-schema-graph\">{\"@context\":\"https:\/\/schema.org\",\"@graph\":[{\"@type\":\"WebPage\",\"@id\":\"https:\/\/faerymusic.com\/esemenyek\/\",\"url\":\"https:\/\/faerymusic.com\/esemenyek\/\",\"name\":\"Esem\u00e9nyek - Faery Music\",\"isPartOf\":{\"@id\":\"https:\/\/faerymusic.com\/#website\"},\"primaryImageOfPage\":{\"@id\":\"https:\/\/faerymusic.com\/esemenyek\/#primaryimage\"},\"image\":{\"@id\":\"https:\/\/faerymusic.com\/esemenyek\/#primaryimage\"},\"thumbnailUrl\":\"https:\/\/faerymusic.com\/wp-content\/uploads\/2024\/03\/Faery_LOGO-1024x607.png\",\"datePublished\":\"2024-06-12T11:22:29+00:00\",\"dateModified\":\"2024-08-30T11:51:03+00:00\",\"breadcrumb\":{\"@id\":\"https:\/\/faerymusic.com\/esemenyek\/#breadcrumb\"},\"inLanguage\":\"en-US\",\"potentialAction\":[{\"@type\":\"ReadAction\",\"target\":[\"https:\/\/faerymusic.com\/esemenyek\/\"]}]},{\"@type\":\"ImageObject\",\"inLanguage\":\"en-US\",\"@id\":\"https:\/\/faerymusic.com\/esemenyek\/#primaryimage\",\"url\":\"https:\/\/faerymusic.com\/wp-content\/uploads\/2024\/03\/Faery_LOGO-1024x607.png\",\"contentUrl\":\"https:\/\/faerymusic.com\/wp-content\/uploads\/2024\/03\/Faery_LOGO-1024x607.png\"},{\"@type\":\"BreadcrumbList\",\"@id\":\"https:\/\/faerymusic.com\/esemenyek\/#breadcrumb\",\"itemListElement\":[{\"@type\":\"ListItem\",\"position\":1,\"name\":\"Kezd\u0151lap\",\"item\":\"https:\/\/faerymusic.com\/\"},{\"@type\":\"ListItem\",\"position\":2,\"name\":\"Esem\u00e9nyek\"}]},{\"@type\":\"WebSite\",\"@id\":\"https:\/\/faerymusic.com\/#website\",\"url\":\"https:\/\/faerymusic.com\/\",\"name\":\"Faery Music\",\"description\":\"Spiritual Pop Band\",\"publisher\":{\"@id\":\"https:\/\/faerymusic.com\/#organization\"},\"potentialAction\":[{\"@type\":\"SearchAction\",\"target\":{\"@type\":\"EntryPoint\",\"urlTemplate\":\"https:\/\/faerymusic.com\/?s={search_term_string}\"},\"query-input\":{\"@type\":\"PropertyValueSpecification\",\"valueRequired\":true,\"valueName\":\"search_term_string\"}}],\"inLanguage\":\"en-US\"},{\"@type\":\"Organization\",\"@id\":\"https:\/\/faerymusic.com\/#organization\",\"name\":\"Faery Music\",\"url\":\"https:\/\/faerymusic.com\/\",\"logo\":{\"@type\":\"ImageObject\",\"inLanguage\":\"en-US\",\"@id\":\"https:\/\/faerymusic.com\/#\/schema\/logo\/image\/\",\"url\":\"https:\/\/faerymusic.com\/wp-content\/uploads\/2024\/03\/faerymusic_logo1222.png\",\"contentUrl\":\"https:\/\/faerymusic.com\/wp-content\/uploads\/2024\/03\/faerymusic_logo1222.png\",\"width\":512,\"height\":512,\"caption\":\"Faery Music\"},\"image\":{\"@id\":\"https:\/\/faerymusic.com\/#\/schema\/logo\/image\/\"}}]}<\/script>\n<!-- \/ Yoast SEO Premium plugin. -->","yoast_head_json":{"title":"Esem\u00e9nyek - Faery Music","robots":{"index":"index","follow":"follow","max-snippet":"max-snippet:-1","max-image-preview":"max-image-preview:large","max-video-preview":"max-video-preview:-1"},"canonical":"https:\/\/faerymusic.com\/en\/esemenyek\/","og_locale":"en_US","og_type":"article","og_title":"Esem\u00e9nyek","og_description":"Esem\u00e9nyek","og_url":"https:\/\/faerymusic.com\/en\/esemenyek\/","og_site_name":"Faery Music","article_modified_time":"2024-08-30T11:51:03+00:00","og_image":[{"url":"https:\/\/faerymusic.com\/wp-content\/uploads\/2024\/03\/Faery_LOGO-1024x607.png","type":"","width":"","height":""}],"twitter_card":"summary_large_image","twitter_misc":{"Est. reading time":"1 minute"},"schema":{"@context":"https:\/\/schema.org","@graph":[{"@type":"WebPage","@id":"https:\/\/faerymusic.com\/esemenyek\/","url":"https:\/\/faerymusic.com\/esemenyek\/","name":"Esem\u00e9nyek - Faery Music","isPartOf":{"@id":"https:\/\/faerymusic.com\/#website"},"primaryImageOfPage":{"@id":"https:\/\/faerymusic.com\/esemenyek\/#primaryimage"},"image":{"@id":"https:\/\/faerymusic.com\/esemenyek\/#primaryimage"},"thumbnailUrl":"https:\/\/faerymusic.com\/wp-content\/uploads\/2024\/03\/Faery_LOGO-1024x607.png","datePublished":"2024-06-12T11:22:29+00:00","dateModified":"2024-08-30T11:51:03+00:00","breadcrumb":{"@id":"https:\/\/faerymusic.com\/esemenyek\/#breadcrumb"},"inLanguage":"en-US","potentialAction":[{"@type":"ReadAction","target":["https:\/\/faerymusic.com\/esemenyek\/"]}]},{"@type":"ImageObject","inLanguage":"en-US","@id":"https:\/\/faerymusic.com\/esemenyek\/#primaryimage","url":"https:\/\/faerymusic.com\/wp-content\/uploads\/2024\/03\/Faery_LOGO-1024x607.png","contentUrl":"https:\/\/faerymusic.com\/wp-content\/uploads\/2024\/03\/Faery_LOGO-1024x607.png"},{"@type":"BreadcrumbList","@id":"https:\/\/faerymusic.com\/esemenyek\/#breadcrumb","itemListElement":[{"@type":"ListItem","position":1,"name":"Kezd\u0151lap","item":"https:\/\/faerymusic.com\/"},{"@type":"ListItem","position":2,"name":"Esem\u00e9nyek"}]},{"@type":"WebSite","@id":"https:\/\/faerymusic.com\/#website","url":"https:\/\/faerymusic.com\/","name":"Faery Music","description":"Spiritual Pop Band","publisher":{"@id":"https:\/\/faerymusic.com\/#organization"},"potentialAction":[{"@type":"SearchAction","target":{"@type":"EntryPoint","urlTemplate":"https:\/\/faerymusic.com\/?s={search_term_string}"},"query-input":{"@type":"PropertyValueSpecification","valueRequired":true,"valueName":"search_term_string"}}],"inLanguage":"en-US"},{"@type":"Organization","@id":"https:\/\/faerymusic.com\/#organization","name":"Faery Music","url":"https:\/\/faerymusic.com\/","logo":{"@type":"ImageObject","inLanguage":"en-US","@id":"https:\/\/faerymusic.com\/#\/schema\/logo\/image\/","url":"https:\/\/faerymusic.com\/wp-content\/uploads\/2024\/03\/faerymusic_logo1222.png","contentUrl":"https:\/\/faerymusic.com\/wp-content\/uploads\/2024\/03\/faerymusic_logo1222.png","width":512,"height":512,"caption":"Faery Music"},"image":{"@id":"https:\/\/faerymusic.com\/#\/schema\/logo\/image\/"}}]}},"_links":{"self":[{"href":"https:\/\/faerymusic.com\/en\/wp-json\/wp\/v2\/pages\/185","targetHints":{"allow":["GET"]}}],"collection":[{"href":"https:\/\/faerymusic.com\/en\/wp-json\/wp\/v2\/pages"}],"about":[{"href":"https:\/\/faerymusic.com\/en\/wp-json\/wp\/v2\/types\/page"}],"author":[{"embeddable":true,"href":"https:\/\/faerymusic.com\/en\/wp-json\/wp\/v2\/users\/1"}],"replies":[{"embeddable":true,"href":"https:\/\/faerymusic.com\/en\/wp-json\/wp\/v2\/comments?post=185"}],"version-history":[{"count":61,"href":"https:\/\/faerymusic.com\/en\/wp-json\/wp\/v2\/pages\/185\/revisions"}],"predecessor-version":[{"id":556,"href":"https:\/\/faerymusic.com\/en\/wp-json\/wp\/v2\/pages\/185\/revisions\/556"}],"wp:attachment":[{"href":"https:\/\/faerymusic.com\/en\/wp-json\/wp\/v2\/media?parent=185"}],"curies":[{"name":"wp","href":"https:\/\/api.w.org\/{rel}","templated":true}]}}