{"id":181,"date":"2024-06-12T11:24:02","date_gmt":"2024-06-12T11:24:02","guid":{"rendered":"https:\/\/faerymusic.com\/?page_id=181"},"modified":"2024-09-13T18:00:15","modified_gmt":"2024-09-13T18:00:15","slug":"fooldal","status":"publish","type":"page","link":"https:\/\/faerymusic.com\/en\/","title":{"rendered":"F\u0151oldal"},"content":{"rendered":"<div data-elementor-type=\"wp-page\" data-elementor-id=\"181\" class=\"elementor elementor-181\" data-elementor-post-type=\"page\">\n\t\t\t\t<div class=\"elementor-element elementor-element-424326b e-con-full e-flex e-con e-parent\" data-id=\"424326b\" data-element_type=\"container\" data-settings=\"{&quot;background_background&quot;:&quot;classic&quot;}\">\n\t\t\t\t<div class=\"elementor-element elementor-element-24706cb elementor-widget elementor-widget-heading\" data-id=\"24706cb\" data-element_type=\"widget\" data-widget_type=\"heading.default\">\n\t\t\t\t<div class=\"elementor-widget-container\">\n\t\t\t\t\t<h1 class=\"elementor-heading-title elementor-size-default\">Faery Music<\/h1>\t\t\t\t<\/div>\n\t\t\t\t<\/div>\n\t\t\t\t<\/div>\n\t\t<div class=\"elementor-element elementor-element-e93b8ed e-flex e-con-boxed e-con e-parent\" data-id=\"e93b8ed\" data-element_type=\"container\" data-settings=\"{&quot;background_background&quot;:&quot;gradient&quot;,&quot;shape_divider_top&quot;:&quot;wave-brush&quot;}\">\n\t\t\t\t\t<div class=\"e-con-inner\">\n\t\t\t\t<div class=\"elementor-shape elementor-shape-top\" aria-hidden=\"true\" data-negative=\"false\">\n\t\t\t<svg xmlns=\"http:\/\/www.w3.org\/2000\/svg\" viewbox=\"0 0 283.5 27.8\" preserveaspectratio=\"none\">\n\t<path class=\"elementor-shape-fill\" d=\"M283.5,9.7c0,0-7.3,4.3-14,4.6c-6.8,0.3-12.6,0-20.9-1.5c-11.3-2-33.1-10.1-44.7-5.7\ts-12.1,4.6-18,7.4c-6.6,3.2-20,9.6-36.6,9.3C131.6,23.5,99.5,7.2,86.3,8c-1.4,0.1-6.6,0.8-10.5,2c-3.8,1.2-9.4,3.8-17,4.7\tc-3.2,0.4-8.3,1.1-14.2,0.9c-1.5-0.1-6.3-0.4-12-1.6c-5.7-1.2-11-3.1-15.8-3.7C6.5,9.2,0,10.8,0,10.8V0h283.5V9.7z M260.8,11.3\tc-0.7-1-2-0.4-4.3-0.4c-2.3,0-6.1-1.2-5.8-1.1c0.3,0.1,3.1,1.5,6,1.9C259.7,12.2,261.4,12.3,260.8,11.3z M242.4,8.6\tc0,0-2.4-0.2-5.6-0.9c-3.2-0.8-10.3-2.8-15.1-3.5c-8.2-1.1-15.8,0-15.1,0.1c0.8,0.1,9.6-0.6,17.6,1.1c3.3,0.7,9.3,2.2,12.4,2.7\tC239.9,8.7,242.4,8.6,242.4,8.6z M185.2,8.5c1.7-0.7-13.3,4.7-18.5,6.1c-2.1,0.6-6.2,1.6-10,2c-3.9,0.4-8.9,0.4-8.8,0.5\tc0,0.2,5.8,0.8,11.2,0c5.4-0.8,5.2-1.1,7.6-1.6C170.5,14.7,183.5,9.2,185.2,8.5z M199.1,6.9c0.2,0-0.8-0.4-4.8,1.1\tc-4,1.5-6.7,3.5-6.9,3.7c-0.2,0.1,3.5-1.8,6.6-3C197,7.5,199,6.9,199.1,6.9z M283,6c-0.1,0.1-1.9,1.1-4.8,2.5s-6.9,2.8-6.7,2.7\tc0.2,0,3.5-0.6,7.4-2.5C282.8,6.8,283.1,5.9,283,6z M31.3,11.6c0.1-0.2-1.9-0.2-4.5-1.2s-5.4-1.6-7.8-2C15,7.6,7.3,8.5,7.7,8.6\tC8,8.7,15.9,8.3,20.2,9.3c2.2,0.5,2.4,0.5,5.7,1.6S31.2,11.9,31.3,11.6z M73,9.2c0.4-0.1,3.5-1.6,8.4-2.6c4.9-1.1,8.9-0.5,8.9-0.8\tc0-0.3-1-0.9-6.2-0.3S72.6,9.3,73,9.2z M71.6,6.7C71.8,6.8,75,5.4,77.3,5c2.3-0.3,1.9-0.5,1.9-0.6c0-0.1-1.1-0.2-2.7,0.2\tC74.8,5.1,71.4,6.6,71.6,6.7z M93.6,4.4c0.1,0.2,3.5,0.8,5.6,1.8c2.1,1,1.8,0.6,1.9,0.5c0.1-0.1-0.8-0.8-2.4-1.3\tC97.1,4.8,93.5,4.2,93.6,4.4z M65.4,11.1c-0.1,0.3,0.3,0.5,1.9-0.2s2.6-1.3,2.2-1.2s-0.9,0.4-2.5,0.8C65.3,10.9,65.5,10.8,65.4,11.1\tz M34.5,12.4c-0.2,0,2.1,0.8,3.3,0.9c1.2,0.1,2,0.1,2-0.2c0-0.3-0.1-0.5-1.6-0.4C36.6,12.8,34.7,12.4,34.5,12.4z M152.2,21.1\tc-0.1,0.1-2.4-0.3-7.5-0.3c-5,0-13.6-2.4-17.2-3.5c-3.6-1.1,10,3.9,16.5,4.1C150.5,21.6,152.3,21,152.2,21.1z\"\/>\n\t<path class=\"elementor-shape-fill\" d=\"M269.6,18c-0.1-0.1-4.6,0.3-7.2,0c-7.3-0.7-17-3.2-16.6-2.9c0.4,0.3,13.7,3.1,17,3.3\tC267.7,18.8,269.7,18,269.6,18z\"\/>\n\t<path class=\"elementor-shape-fill\" d=\"M227.4,9.8c-0.2-0.1-4.5-1-9.5-1.2c-5-0.2-12.7,0.6-12.3,0.5c0.3-0.1,5.9-1.8,13.3-1.2\tS227.6,9.9,227.4,9.8z\"\/>\n\t<path class=\"elementor-shape-fill\" d=\"M204.5,13.4c-0.1-0.1,2-1,3.2-1.1c1.2-0.1,2,0,2,0.3c0,0.3-0.1,0.5-1.6,0.4\tC206.4,12.9,204.6,13.5,204.5,13.4z\"\/>\n\t<path class=\"elementor-shape-fill\" d=\"M201,10.6c0-0.1-4.4,1.2-6.3,2.2c-1.9,0.9-6.2,3.1-6.1,3.1c0.1,0.1,4.2-1.6,6.3-2.6\tS201,10.7,201,10.6z\"\/>\n\t<path class=\"elementor-shape-fill\" d=\"M154.5,26.7c-0.1-0.1-4.6,0.3-7.2,0c-7.3-0.7-17-3.2-16.6-2.9c0.4,0.3,13.7,3.1,17,3.3\tC152.6,27.5,154.6,26.8,154.5,26.7z\"\/>\n\t<path class=\"elementor-shape-fill\" d=\"M41.9,19.3c0,0,1.2-0.3,2.9-0.1c1.7,0.2,5.8,0.9,8.2,0.7c4.2-0.4,7.4-2.7,7-2.6\tc-0.4,0-4.3,2.2-8.6,1.9c-1.8-0.1-5.1-0.5-6.7-0.4S41.9,19.3,41.9,19.3z\"\/>\n\t<path class=\"elementor-shape-fill\" d=\"M75.5,12.6c0.2,0.1,2-0.8,4.3-1.1c2.3-0.2,2.1-0.3,2.1-0.5c0-0.1-1.8-0.4-3.4,0\tC76.9,11.5,75.3,12.5,75.5,12.6z\"\/>\n\t<path class=\"elementor-shape-fill\" d=\"M15.6,13.2c0-0.1,4.3,0,6.7,0.5c2.4,0.5,5,1.9,5,2c0,0.1-2.7-0.8-5.1-1.4\tC19.9,13.7,15.7,13.3,15.6,13.2z\"\/>\n<\/svg>\t\t<\/div>\n\t\t\t\t<div class=\"elementor-element elementor-element-575e357 elementor-widget-divider--separator-type-pattern elementor-widget-divider--no-spacing elementor-widget-divider--view-line elementor-widget elementor-widget-divider\" data-id=\"575e357\" data-element_type=\"widget\" data-widget_type=\"divider.default\">\n\t\t\t\t<div class=\"elementor-widget-container\">\n\t\t\t\t\t\t\t<div class=\"elementor-divider\" style=\"--divider-pattern-url: url(&quot;data:image\/svg+xml,%3Csvg xmlns=&#039;http:\/\/www.w3.org\/2000\/svg&#039; preserveAspectRatio=&#039;xMidYMid meet&#039; overflow=&#039;visible&#039; height=&#039;100%&#039; viewBox=&#039;0 0 121 26&#039; fill=&#039;black&#039; stroke=&#039;none&#039;%3E%3Cpath d=&#039;M29.6,10.3l2.1,2.2l-3.6,3.3h7v2.9h-7l3.6,3.5l-2.1,1.7l-5.2-5.2h-5.8v-2.9h5.8L29.6,10.3z M70.9,9.6l2.1,1.7l-3.6,3.5h7v2.9h-7l3.6,3.3l-2.1,2.2l-5.2-5.5h-5.8v-2.9h5.8L70.9,9.6z M111.5,9.6l2.1,1.7l-3.6,3.5h7v2.9h-7l3.6,3.3l-2.1,2.2l-5.2-5.5h-5.8v-2.9h5.8L111.5,9.6z M50.2,2.7l2.1,1.7l-3.6,3.5h7v2.9h-7l3.6,3.3l-2.1,2.2L45,10.7h-5.8V7.9H45L50.2,2.7z M11,2l2.1,1.7L9.6,7.2h7V10h-7l3.6,3.3L11,15.5L5.8,10H0V7.2h5.8L11,2z M91.5,2l2.1,2.2l-3.6,3.3h7v2.9h-7l3.6,3.5l-2.1,1.7l-5.2-5.2h-5.8V7.5h5.8L91.5,2z&#039;\/%3E%3C\/svg%3E&quot;);\">\n\t\t\t<span class=\"elementor-divider-separator\">\n\t\t\t\t\t\t<\/span>\n\t\t<\/div>\n\t\t\t\t\t\t<\/div>\n\t\t\t\t<\/div>\n\t\t\t\t<div class=\"elementor-element elementor-element-8a46d32 elementor-widget elementor-widget-text-editor\" data-id=\"8a46d32\" data-element_type=\"widget\" data-widget_type=\"text-editor.default\">\n\t\t\t\t<div class=\"elementor-widget-container\">\n\t\t\t\t\t\t\t\t\t<p>A Faery Music zenei atmoszf\u00e9r\u00e1j\u00e1t Brigit Faery teremtette, amib\u0151l azt\u00e1n egy n\u0151i \u00f6szm\u0171v\u00e9szeti el\u0151ad\u00e1s n\u0151tte ki mag\u00e1t, melyben a tagok is egy\u00e9nenk\u00e9nt t\u00f6bbf\u00e9le m\u0171v\u00e9szeti vonalat k\u00e9pviselnek. Zen\u00e9j\u00fck \u00f6tv\u00f6zi a modern popul\u00e1ris elemeket a keleti vagy \u00e9ppen \u0151si dallamokkal. C\u00e9ljuk az, hogy a hallgat\u00f3t \u00e1tvezess\u00e9k egy flow \u00e9lm\u00e9nyen, amely sor\u00e1n k\u00f6zelebb ker\u00fclhetnek \u00f6nmagukhoz \u00e9s az \u0151si gy\u00f6kereikhez. Egy olyan f\u00fazi\u00f3s \u00e9lm\u00e9nyt hoznak l\u00e9tre, amelyben nemcsak a zene, de a n\u0151is\u00e9g meg\u00e9l\u00e9se is k\u00f6zponti szerepet j\u00e1tszik.<\/p>\t\t\t\t\t\t\t\t<\/div>\n\t\t\t\t<\/div>\n\t\t\t\t\t<\/div>\n\t\t\t\t<\/div>\n\t\t\t\t<\/div>","protected":false},"excerpt":{"rendered":"<p>Faery Music A Faery Music zenei atmoszf\u00e9r\u00e1j\u00e1t Brigit Faery teremtette, amib\u0151l azt\u00e1n egy n\u0151i \u00f6szm\u0171v\u00e9szeti el\u0151ad\u00e1s n\u0151tte ki mag\u00e1t, melyben a tagok is egy\u00e9nenk\u00e9nt t\u00f6bbf\u00e9le m\u0171v\u00e9szeti vonalat k\u00e9pviselnek. Zen\u00e9j\u00fck \u00f6tv\u00f6zi a modern popul\u00e1ris elemeket a keleti vagy \u00e9ppen \u0151si dallamokkal. C\u00e9ljuk az, hogy a hallgat\u00f3t \u00e1tvezess\u00e9k egy flow \u00e9lm\u00e9nyen, amely sor\u00e1n k\u00f6zelebb ker\u00fclhetnek \u00f6nmagukhoz \u00e9s [&hellip;]<\/p>","protected":false},"author":1,"featured_media":0,"parent":0,"menu_order":0,"comment_status":"closed","ping_status":"closed","template":"","meta":{"footnotes":""},"class_list":["post-181","page","type-page","status-publish","hentry"],"yoast_head":"<!-- This site is optimized with the Yoast SEO Premium plugin v26.2 (Yoast SEO v26.4) - https:\/\/yoast.com\/wordpress\/plugins\/seo\/ -->\n<title>F\u0151oldal - Faery Music<\/title>\n<meta name=\"robots\" content=\"index, follow, max-snippet:-1, max-image-preview:large, max-video-preview:-1\" \/>\n<link rel=\"canonical\" href=\"https:\/\/faerymusic.com\/en\/\" \/>\n<meta property=\"og:locale\" content=\"en_US\" \/>\n<meta property=\"og:type\" content=\"article\" \/>\n<meta property=\"og:title\" content=\"F\u0151oldal\" \/>\n<meta property=\"og:description\" content=\"Faery Music A Faery Music zenei atmoszf\u00e9r\u00e1j\u00e1t Brigit Faery teremtette, amib\u0151l azt\u00e1n egy n\u0151i \u00f6szm\u0171v\u00e9szeti el\u0151ad\u00e1s n\u0151tte ki mag\u00e1t, melyben a tagok is egy\u00e9nenk\u00e9nt t\u00f6bbf\u00e9le m\u0171v\u00e9szeti vonalat k\u00e9pviselnek. Zen\u00e9j\u00fck \u00f6tv\u00f6zi a modern popul\u00e1ris elemeket a keleti vagy \u00e9ppen \u0151si dallamokkal. C\u00e9ljuk az, hogy a hallgat\u00f3t \u00e1tvezess\u00e9k egy flow \u00e9lm\u00e9nyen, amely sor\u00e1n k\u00f6zelebb ker\u00fclhetnek \u00f6nmagukhoz \u00e9s [&hellip;]\" \/>\n<meta property=\"og:url\" content=\"https:\/\/faerymusic.com\/en\/\" \/>\n<meta property=\"og:site_name\" content=\"Faery Music\" \/>\n<meta property=\"article:modified_time\" content=\"2024-09-13T18:00:15+00:00\" \/>\n<meta property=\"og:image\" content=\"https:\/\/faerymusic.com\/wp-content\/uploads\/2024\/06\/fooldal3.jpg\" \/>\n\t<meta property=\"og:image:width\" content=\"2560\" \/>\n\t<meta property=\"og:image:height\" content=\"1440\" \/>\n\t<meta property=\"og:image:type\" content=\"image\/jpeg\" \/>\n<meta name=\"twitter:card\" content=\"summary_large_image\" \/>\n<meta name=\"twitter:label1\" content=\"Est. reading time\" \/>\n\t<meta name=\"twitter:data1\" content=\"1 minute\" \/>\n<script type=\"application\/ld+json\" class=\"yoast-schema-graph\">{\"@context\":\"https:\/\/schema.org\",\"@graph\":[{\"@type\":\"WebPage\",\"@id\":\"https:\/\/faerymusic.com\/\",\"url\":\"https:\/\/faerymusic.com\/\",\"name\":\"F\u0151oldal - Faery Music\",\"isPartOf\":{\"@id\":\"https:\/\/faerymusic.com\/#website\"},\"datePublished\":\"2024-06-12T11:24:02+00:00\",\"dateModified\":\"2024-09-13T18:00:15+00:00\",\"breadcrumb\":{\"@id\":\"https:\/\/faerymusic.com\/#breadcrumb\"},\"inLanguage\":\"en-US\",\"potentialAction\":[{\"@type\":\"ReadAction\",\"target\":[\"https:\/\/faerymusic.com\/\"]}]},{\"@type\":\"BreadcrumbList\",\"@id\":\"https:\/\/faerymusic.com\/#breadcrumb\",\"itemListElement\":[{\"@type\":\"ListItem\",\"position\":1,\"name\":\"Kezd\u0151lap\",\"item\":\"https:\/\/faerymusic.com\/\"},{\"@type\":\"ListItem\",\"position\":2,\"name\":\"F\u0151oldal\"}]},{\"@type\":\"WebSite\",\"@id\":\"https:\/\/faerymusic.com\/#website\",\"url\":\"https:\/\/faerymusic.com\/\",\"name\":\"Faery Music\",\"description\":\"Spiritual Pop Band\",\"publisher\":{\"@id\":\"https:\/\/faerymusic.com\/#organization\"},\"potentialAction\":[{\"@type\":\"SearchAction\",\"target\":{\"@type\":\"EntryPoint\",\"urlTemplate\":\"https:\/\/faerymusic.com\/?s={search_term_string}\"},\"query-input\":{\"@type\":\"PropertyValueSpecification\",\"valueRequired\":true,\"valueName\":\"search_term_string\"}}],\"inLanguage\":\"en-US\"},{\"@type\":\"Organization\",\"@id\":\"https:\/\/faerymusic.com\/#organization\",\"name\":\"Faery Music\",\"url\":\"https:\/\/faerymusic.com\/\",\"logo\":{\"@type\":\"ImageObject\",\"inLanguage\":\"en-US\",\"@id\":\"https:\/\/faerymusic.com\/#\/schema\/logo\/image\/\",\"url\":\"https:\/\/faerymusic.com\/wp-content\/uploads\/2024\/03\/faerymusic_logo1222.png\",\"contentUrl\":\"https:\/\/faerymusic.com\/wp-content\/uploads\/2024\/03\/faerymusic_logo1222.png\",\"width\":512,\"height\":512,\"caption\":\"Faery Music\"},\"image\":{\"@id\":\"https:\/\/faerymusic.com\/#\/schema\/logo\/image\/\"}}]}<\/script>\n<!-- \/ Yoast SEO Premium plugin. -->","yoast_head_json":{"title":"F\u0151oldal - Faery Music","robots":{"index":"index","follow":"follow","max-snippet":"max-snippet:-1","max-image-preview":"max-image-preview:large","max-video-preview":"max-video-preview:-1"},"canonical":"https:\/\/faerymusic.com\/en\/","og_locale":"en_US","og_type":"article","og_title":"F\u0151oldal","og_description":"Faery Music A Faery Music zenei atmoszf\u00e9r\u00e1j\u00e1t Brigit Faery teremtette, amib\u0151l azt\u00e1n egy n\u0151i \u00f6szm\u0171v\u00e9szeti el\u0151ad\u00e1s n\u0151tte ki mag\u00e1t, melyben a tagok is egy\u00e9nenk\u00e9nt t\u00f6bbf\u00e9le m\u0171v\u00e9szeti vonalat k\u00e9pviselnek. Zen\u00e9j\u00fck \u00f6tv\u00f6zi a modern popul\u00e1ris elemeket a keleti vagy \u00e9ppen \u0151si dallamokkal. C\u00e9ljuk az, hogy a hallgat\u00f3t \u00e1tvezess\u00e9k egy flow \u00e9lm\u00e9nyen, amely sor\u00e1n k\u00f6zelebb ker\u00fclhetnek \u00f6nmagukhoz \u00e9s [&hellip;]","og_url":"https:\/\/faerymusic.com\/en\/","og_site_name":"Faery Music","article_modified_time":"2024-09-13T18:00:15+00:00","og_image":[{"width":2560,"height":1440,"url":"https:\/\/faerymusic.com\/wp-content\/uploads\/2024\/06\/fooldal3.jpg","type":"image\/jpeg"}],"twitter_card":"summary_large_image","twitter_misc":{"Est. reading time":"1 minute"},"schema":{"@context":"https:\/\/schema.org","@graph":[{"@type":"WebPage","@id":"https:\/\/faerymusic.com\/","url":"https:\/\/faerymusic.com\/","name":"F\u0151oldal - Faery Music","isPartOf":{"@id":"https:\/\/faerymusic.com\/#website"},"datePublished":"2024-06-12T11:24:02+00:00","dateModified":"2024-09-13T18:00:15+00:00","breadcrumb":{"@id":"https:\/\/faerymusic.com\/#breadcrumb"},"inLanguage":"en-US","potentialAction":[{"@type":"ReadAction","target":["https:\/\/faerymusic.com\/"]}]},{"@type":"BreadcrumbList","@id":"https:\/\/faerymusic.com\/#breadcrumb","itemListElement":[{"@type":"ListItem","position":1,"name":"Kezd\u0151lap","item":"https:\/\/faerymusic.com\/"},{"@type":"ListItem","position":2,"name":"F\u0151oldal"}]},{"@type":"WebSite","@id":"https:\/\/faerymusic.com\/#website","url":"https:\/\/faerymusic.com\/","name":"Faery Music","description":"Spiritual Pop Band","publisher":{"@id":"https:\/\/faerymusic.com\/#organization"},"potentialAction":[{"@type":"SearchAction","target":{"@type":"EntryPoint","urlTemplate":"https:\/\/faerymusic.com\/?s={search_term_string}"},"query-input":{"@type":"PropertyValueSpecification","valueRequired":true,"valueName":"search_term_string"}}],"inLanguage":"en-US"},{"@type":"Organization","@id":"https:\/\/faerymusic.com\/#organization","name":"Faery Music","url":"https:\/\/faerymusic.com\/","logo":{"@type":"ImageObject","inLanguage":"en-US","@id":"https:\/\/faerymusic.com\/#\/schema\/logo\/image\/","url":"https:\/\/faerymusic.com\/wp-content\/uploads\/2024\/03\/faerymusic_logo1222.png","contentUrl":"https:\/\/faerymusic.com\/wp-content\/uploads\/2024\/03\/faerymusic_logo1222.png","width":512,"height":512,"caption":"Faery Music"},"image":{"@id":"https:\/\/faerymusic.com\/#\/schema\/logo\/image\/"}}]}},"_links":{"self":[{"href":"https:\/\/faerymusic.com\/en\/wp-json\/wp\/v2\/pages\/181","targetHints":{"allow":["GET"]}}],"collection":[{"href":"https:\/\/faerymusic.com\/en\/wp-json\/wp\/v2\/pages"}],"about":[{"href":"https:\/\/faerymusic.com\/en\/wp-json\/wp\/v2\/types\/page"}],"author":[{"embeddable":true,"href":"https:\/\/faerymusic.com\/en\/wp-json\/wp\/v2\/users\/1"}],"replies":[{"embeddable":true,"href":"https:\/\/faerymusic.com\/en\/wp-json\/wp\/v2\/comments?post=181"}],"version-history":[{"count":25,"href":"https:\/\/faerymusic.com\/en\/wp-json\/wp\/v2\/pages\/181\/revisions"}],"predecessor-version":[{"id":563,"href":"https:\/\/faerymusic.com\/en\/wp-json\/wp\/v2\/pages\/181\/revisions\/563"}],"wp:attachment":[{"href":"https:\/\/faerymusic.com\/en\/wp-json\/wp\/v2\/media?parent=181"}],"curies":[{"name":"wp","href":"https:\/\/api.w.org\/{rel}","templated":true}]}}